{"id":13922,"date":"2024-11-27T19:59:08","date_gmt":"2024-11-27T19:59:08","guid":{"rendered":"https:\/\/paginasmonterrey.com\/hvtest\/?page_id=13922"},"modified":"2026-02-27T23:14:18","modified_gmt":"2026-02-27T23:14:18","slug":"proyectos","status":"publish","type":"page","link":"https:\/\/hvtest.com.mx\/en\/proyectos\/","title":{"rendered":"Projects"},"content":{"rendered":"<section class=\"wpb-content-wrapper\"><section data-vc-full-width=\"true\" data-vc-full-width-init=\"false\" class=\"vc_section vc_section_visible custom-responsive-77555512 vc_custom_1732744460433\" data-section-name=\"\"><div class=\"pix_element_overlay  bg-secondary\" style=\"pointer-events:none;;position:absolute;width:100%;height:100%;top:0;left:0;opacity:1;\"><\/div><div data-vc-full-width=\"true\" data-vc-full-width-init=\"false\" class=\"vc_row wpb_row vc_row-fluid vc_row_visible\"><div class=\"wpb_column vc_column_container vc_col-sm-12 text-center\"><div class=\"vc_column-inner\"><div class=\"wpb_wrapper\"><div id=\"el1772233958849-dcbc2791-25df\" class=\"mb-3 text-center\"><h1 class=\"mb-32 pix-sliding-headline-2 animate-in font-weight-bold secondary-font\" data-anim-type=\"pix-sliding-text\" pix-anim-delay=\"500\" data-class=\"secondary-font text-white\" style=\"\"><span class=\"slide-in-container\"><span class=\"pix-sliding-item pix-sliding-letter secondary-font text-white\" style=\"transition-delay: 0ms;\">P<\/span><span class=\"pix-sliding-item pix-sliding-letter secondary-font text-white\" style=\"transition-delay: 6.25ms;\">r<\/span><span class=\"pix-sliding-item pix-sliding-letter secondary-font text-white\" style=\"transition-delay: 12.5ms;\">o<\/span><span class=\"pix-sliding-item pix-sliding-letter secondary-font text-white\" style=\"transition-delay: 18.75ms;\">j<\/span><span class=\"pix-sliding-item pix-sliding-letter secondary-font text-white\" style=\"transition-delay: 25ms;\">e<\/span><span class=\"pix-sliding-item pix-sliding-letter secondary-font text-white\" style=\"transition-delay: 31.25ms;\">c<\/span><span class=\"pix-sliding-item pix-sliding-letter secondary-font text-white\" style=\"transition-delay: 37.5ms;\">t<\/span><span class=\"pix-sliding-item pix-sliding-letter secondary-font text-white\" style=\"transition-delay: 43.75ms;\">s<\/span><\/span> <\/h1><\/div><div id=\"el1729892382381-67d0f6fb-aa1e\" class=\"pix-el-text m-0  w-100   vc_custom_1732664287583\" ><p class=\"\"><p>ISO\/IEC 17025 accredited laboratory by ANAB and ema, with over 20 years of experience in electrical tests and calibrations.<\/p>\n<\/p><\/div><\/div><\/div><\/div><\/div><div class=\"vc_row-full-width vc_clearfix\"><\/div><\/section><div class=\"vc_row-full-width vc_clearfix\"><\/div><section data-vc-full-width=\"true\" data-vc-full-width-init=\"false\" class=\"vc_section vc_section_visible custom-responsive-163654815 vc_custom_1732745127433\" data-section-name=\"\"><div class=\"vc_row wpb_row vc_row-fluid vc_row_visible vc_custom_1739826901278 vc_row-has-fill\"><div class=\"wpb_column vc_column_container vc_col-sm-12 text-left\"><div class=\"vc_column-inner\"><div class=\"wpb_wrapper\"><div id=\"pix-el-1732744068443-bf48e73c-6a6f\" class=\"\"><div class=\"pix_tabs_container pix-waiting\" data-icons-pos=\"\"><div class=\"nav d-flex nav-pills pix_tabs_btns justify-content-center  pix-pills-lines mb-4\" data-anim-type=\"\" role=\"tablist\" data-anim-delay=\"0\" id=\"v-pills-tab\"  aria-orientation=\"vertical\"><div class=\"nav-item2 d-none d-sm-block flex-fill align-self-center pix-mr-20\"><span class=\"w-100 pix-tabs-line\"><\/span><\/div><div class=\"nav-item\"><a class=\"nav-link pix-tabs-btn text-24 pix-px-25 py-1 py-md-2 my-2 font-weight-bold\" data-id=\"1601249475369-ac7777b8-e95b\" role=\"tab\" id=\"pix-tab-btn-1601249475369-ac7777b8-e95b\" data-toggle=\"pill\" href=\"#pix-tab-1601249475369-ac7777b8-e95b\"  aria-controls=\"pix-tab-1601249475369-ac7777b8-e95b\"><i class=\"pixicon-lightning-2 mr-1 mr-md-2\"><\/i> Tests<\/a><\/div><div class=\"nav-item\"><a class=\"nav-link pix-tabs-btn text-24 pix-px-25 py-1 py-md-2 my-2 font-weight-bold\" data-id=\"1732744229734-84ea69d6-0ac4\" role=\"tab\" id=\"pix-tab-btn-1732744229734-84ea69d6-0ac4\" data-toggle=\"pill\" href=\"#pix-tab-1732744229734-84ea69d6-0ac4\"  aria-controls=\"pix-tab-1732744229734-84ea69d6-0ac4\"><i class=\"pixicon-list-th mr-1 mr-md-2\"><\/i> Calibrations<\/a><\/div><div class=\"nav-item\"><a class=\"nav-link pix-tabs-btn text-24 pix-px-25 py-1 py-md-2 my-2 font-weight-bold\" data-id=\"1732744226284-dac6ed0b-9ac6\" role=\"tab\" id=\"pix-tab-btn-1732744226284-dac6ed0b-9ac6\" data-toggle=\"pill\" href=\"#pix-tab-1732744226284-dac6ed0b-9ac6\"  aria-controls=\"pix-tab-1732744226284-dac6ed0b-9ac6\"><i class=\"pixicon-cart-5 mr-1 mr-md-2\"><\/i> Equipment sale<\/a><\/div><div class=\"nav-item2 d-none d-sm-block pix-tab-line flex-fill align-self-center pix-ml-20\"><span class=\"w-100 pix-tabs-line\"><\/span><\/div><\/div><div class=\"pix_tabs_content\" data-anim-type=\"\" data-anim-delay=\"0\"><div class=\"tab-content text-center\"><div class=\"tab-pane fade-up show\" role=\"tabpanel\" data-toggle2=\"tab\" id=\"pix-tab-1601249475369-ac7777b8-e95b\" data-bold=\"font-weight-bold\" data-italic=\"\" data-secondary=\"\" data-id=\"1601249475369-ac7777b8-e95b\" data-icon=\"pixicon-lightning-2\" data-title=\"Ensayos\" aria-labelledby=\"pix-tab-1601249475369-ac7777b8-e95b\"><div class=\"pix-lightbox\"><div class=\"pix_masonry  pix-3-columns\" style=\"width:100%\"><div class=\"grid-sizer\"><\/div><div class=\"gutter-sizer\"><\/div><div class=\"grid-item grid-item--width2 pix-mb-20\"><a class=\"card pix-lightbox pix-lightbox-item pix-hover-item  shadow-sm shadow-hover-sm fly-sm rounded-xl\" data-fancybox=\"gallery\" data-caption=\"SE GIS (Aislada en Gas SF6) para 230kV compuesta por un total de 6 bah\u00edas.\" href=\"https:\/\/hvtest.com.mx\/wp-content\/uploads\/2024\/10\/g-shutterbug.jpg\"><img loading=\"lazy\" decoding=\"async\" class=\"card-img  rounded-xl pix-gallery-item pix-gallery-sm\" src=\"https:\/\/hvtest.com.mx\/wp-content\/uploads\/2024\/10\/g-shutterbug.jpg\" width=\"1050\" height=\"700\" alt=\"SE GIS (Aislada en Gas SF6) para 230kV compuesta por un total de 6 bah\u00edas.\" \/><div class=\"card-img-overlay d-flex align-items-end pix-p-10\"><div class=\"card-content-box pix-p-20 rounded-xl w-100 shadow pix-fade-in bg-white d-flex justify-content-between align-items-center\"><div class=\"card-title font-weight-bold h6  text-heading-default m-0 w-100\" style=\"\">Withstand voltage test and partial discharge diagnosis at SE MANIOBRAS (Mexico \u2013 Toluca intercity train)<\/div><div class=\"m-0 font-weight-bold h6  text-heading-default\"><svg xmlns=\"http:\/\/www.w3.org\/2000\/svg\" height=\"24\" viewbox=\"0 0 24 24\" width=\"24\"><path d=\"M7 14H5v5h5v-2H7v-3zm-2-4h2V7h3V5H5v5zm12 7h-3v2h5v-5h-2v3zM14 5v2h3v3h2V5h-5z\"\/><\/svg>\n<\/div><\/div><\/div><\/a><\/div><div class=\"grid-item pix-mb-20\"><a class=\"card pix-lightbox pix-lightbox-item pix-hover-item  shadow-sm shadow-hover-sm fly-sm rounded-xl\" data-fancybox=\"gallery\" data-caption=\"Ensayo de tensi\u00f3n de aguante y diagn\u00f3stico de descargas parciales en SE MANIOBRAS (Tren Inter Urbano Mexico - Toluca)SE GIS (Aislada en Gas SF6) para 230kV compuesta por un total de 6 bah\u00edas.\" href=\"https:\/\/hvtest.com.mx\/wp-content\/uploads\/2024\/10\/g-woodcraft.jpg\"><img loading=\"lazy\" decoding=\"async\" class=\"card-img  rounded-xl pix-gallery-item pix-gallery-sm\" src=\"https:\/\/hvtest.com.mx\/wp-content\/uploads\/2024\/10\/g-woodcraft.jpg\" width=\"2100\" height=\"1400\" alt=\"Ensayo de tensi\u00f3n de aguante y diagn\u00f3stico de descargas parciales en SE MANIOBRAS (Tren Inter Urbano Mexico - Toluca)SE GIS (Aislada en Gas SF6) para 230kV compuesta por un total de 6 bah\u00edas.\" \/><div class=\"card-img-overlay d-flex align-items-end pix-p-10\"><div class=\"card-content-box pix-p-20 rounded-xl w-100 shadow pix-fade-in bg-white d-flex justify-content-between align-items-center\"><div class=\"card-title font-weight-bold h6  text-heading-default m-0 w-100\" style=\"\">Withstand voltage test and partial discharge diagnosis at LT San Bernabe and LT Olivar (Mexico \u2013 Toluca intercity train)<\/div><div class=\"m-0 font-weight-bold h6  text-heading-default\"><svg xmlns=\"http:\/\/www.w3.org\/2000\/svg\" height=\"24\" viewbox=\"0 0 24 24\" width=\"24\"><path d=\"M7 14H5v5h5v-2H7v-3zm-2-4h2V7h3V5H5v5zm12 7h-3v2h5v-5h-2v3zM14 5v2h3v3h2V5h-5z\"\/><\/svg>\n<\/div><\/div><\/div><\/a><\/div><div class=\"grid-item pix-mb-20\"><a class=\"card pix-lightbox pix-lightbox-item pix-hover-item  shadow-sm shadow-hover-sm fly-sm rounded-xl\" data-fancybox=\"gallery\" data-caption=\"2 circuitos para 230 kV con terminales exteriores en ambos extremos.\" href=\"https:\/\/hvtest.com.mx\/wp-content\/uploads\/2024\/10\/g-palmeira.jpg\"><img loading=\"lazy\" decoding=\"async\" class=\"card-img  rounded-xl pix-gallery-item pix-gallery-lg\" src=\"https:\/\/hvtest.com.mx\/wp-content\/uploads\/2024\/10\/g-palmeira.jpg\" width=\"1295\" height=\"1400\" alt=\"2 circuitos para 230 kV con terminales exteriores en ambos extremos.\" \/><div class=\"card-img-overlay d-flex align-items-end pix-p-10\"><div class=\"card-content-box pix-p-20 rounded-xl w-100 shadow pix-fade-in bg-white d-flex justify-content-between align-items-center\"><div class=\"card-title font-weight-bold h6  text-heading-default m-0 w-100\" style=\"\">Withstand voltage test and partial discharge diagnosis at underground transmission high voltage line (Tijuana)<\/div><div class=\"m-0 font-weight-bold h6  text-heading-default\"><svg xmlns=\"http:\/\/www.w3.org\/2000\/svg\" height=\"24\" viewbox=\"0 0 24 24\" width=\"24\"><path d=\"M7 14H5v5h5v-2H7v-3zm-2-4h2V7h3V5H5v5zm12 7h-3v2h5v-5h-2v3zM14 5v2h3v3h2V5h-5z\"\/><\/svg>\n<\/div><\/div><\/div><\/a><\/div><div class=\"grid-item pix-mb-20\"><a class=\"card pix-lightbox pix-lightbox-item pix-hover-item  shadow-sm shadow-hover-sm fly-sm rounded-xl\" data-fancybox=\"gallery\" data-caption=\"Ensayo de tensi\u00f3n de aguante y descargas parciales a l\u00ednea de transmisi\u00f3n subterr\u00e1nea y GIS de 230kV (Zumpango, M\u00e9xico)\" href=\"https:\/\/hvtest.com.mx\/wp-content\/uploads\/2024\/10\/g-robin.jpeg\"><img loading=\"lazy\" decoding=\"async\" class=\"card-img  rounded-xl pix-gallery-item pix-gallery-sm\" src=\"https:\/\/hvtest.com.mx\/wp-content\/uploads\/2024\/10\/g-robin.jpeg\" width=\"1867\" height=\"1400\" alt=\"Ensayo de tensi\u00f3n de aguante y descargas parciales a l\u00ednea de transmisi\u00f3n subterr\u00e1nea y GIS de 230kV (Zumpango, M\u00e9xico)\" \/><div class=\"card-img-overlay d-flex align-items-end pix-p-10\"><div class=\"card-content-box pix-p-20 rounded-xl w-100 shadow pix-fade-in bg-white d-flex justify-content-between align-items-center\"><div class=\"card-title font-weight-bold h6  text-heading-default m-0 w-100\" style=\"\">Withstand voltage test and partial discharge diagnosis at underground transmission voltage line and 230kV GIS (Zumpango, Mexico)<\/div><div class=\"m-0 font-weight-bold h6  text-heading-default\"><svg xmlns=\"http:\/\/www.w3.org\/2000\/svg\" height=\"24\" viewbox=\"0 0 24 24\" width=\"24\"><path d=\"M7 14H5v5h5v-2H7v-3zm-2-4h2V7h3V5H5v5zm12 7h-3v2h5v-5h-2v3zM14 5v2h3v3h2V5h-5z\"\/><\/svg>\n<\/div><\/div><\/div><\/a><\/div><div class=\"grid-item pix-mb-20\"><a class=\"card pix-lightbox pix-lightbox-item pix-hover-item  shadow-sm shadow-hover-sm fly-sm rounded-xl\" data-fancybox=\"gallery\" data-caption=\"\" href=\"https:\/\/hvtest.com.mx\/wp-content\/uploads\/2024\/10\/g-superman.jpeg\"><img loading=\"lazy\" decoding=\"async\" class=\"card-img  rounded-xl pix-gallery-item pix-gallery-sm\" src=\"https:\/\/hvtest.com.mx\/wp-content\/uploads\/2024\/10\/g-superman.jpeg\" width=\"1050\" height=\"1400\" alt=\"\" \/><div class=\"card-img-overlay d-flex align-items-end pix-p-10\"><div class=\"card-content-box pix-p-20 rounded-xl w-100 shadow pix-fade-in bg-white d-flex justify-content-between align-items-center\"><div class=\"card-title font-weight-bold h6  text-heading-default m-0 w-100\" style=\"\">Withstand voltage test and partial discharge diagnosis at underground 230kV transmission voltage line (Monterrey, Mexico)<\/div><div class=\"m-0 font-weight-bold h6  text-heading-default\"><svg xmlns=\"http:\/\/www.w3.org\/2000\/svg\" height=\"24\" viewbox=\"0 0 24 24\" width=\"24\"><path d=\"M7 14H5v5h5v-2H7v-3zm-2-4h2V7h3V5H5v5zm12 7h-3v2h5v-5h-2v3zM14 5v2h3v3h2V5h-5z\"\/><\/svg>\n<\/div><\/div><\/div><\/a><\/div><div class=\"grid-item grid-item--width2 pix-mb-20\"><a class=\"card pix-lightbox pix-lightbox-item pix-hover-item  shadow-sm shadow-hover-sm fly-sm rounded-xl\" data-fancybox=\"gallery\" data-caption=\"1 circuito para 230 kV con terminales interiores SF6 - Cable en ambos extremos y con un total de 3 empalmes. \" href=\"https:\/\/hvtest.com.mx\/wp-content\/uploads\/2024\/10\/g-grow-green.jpg\"><img loading=\"lazy\" decoding=\"async\" class=\"card-img  rounded-xl pix-gallery-item pix-gallery-sm\" src=\"https:\/\/hvtest.com.mx\/wp-content\/uploads\/2024\/10\/g-grow-green.jpg\" width=\"2100\" height=\"1400\" alt=\"1 circuito para 230 kV con terminales interiores SF6 - Cable en ambos extremos y con un total de 3 empalmes. \" \/><div class=\"card-img-overlay d-flex align-items-end pix-p-10\"><div class=\"card-content-box pix-p-20 rounded-xl w-100 shadow pix-fade-in bg-white d-flex justify-content-between align-items-center\"><div class=\"card-title font-weight-bold h6  text-heading-default m-0 w-100\" style=\"\">Withstand voltage test and partial discharge diagnosis at LT Diana - Condesa (Mexico City)<\/div><div class=\"m-0 font-weight-bold h6  text-heading-default\"><svg xmlns=\"http:\/\/www.w3.org\/2000\/svg\" height=\"24\" viewbox=\"0 0 24 24\" width=\"24\"><path d=\"M7 14H5v5h5v-2H7v-3zm-2-4h2V7h3V5H5v5zm12 7h-3v2h5v-5h-2v3zM14 5v2h3v3h2V5h-5z\"\/><\/svg>\n<\/div><\/div><\/div><\/a><\/div><div class=\"grid-item pix-mb-20\"><a class=\"card pix-lightbox pix-lightbox-item pix-hover-item  shadow-sm shadow-hover-sm fly-sm rounded-xl\" data-fancybox=\"gallery\" data-caption=\"Ensayo de tensi\u00f3n de aguante y descargas parciales a l\u00ednea de transmisi\u00f3n subterr\u00e1nea en subestaci\u00f3n \u201cMorales\u201d (CDMX, M\u00e9xico)\" href=\"https:\/\/hvtest.com.mx\/wp-content\/uploads\/2024\/10\/g-doom.jpeg\"><img loading=\"lazy\" decoding=\"async\" class=\"card-img  rounded-xl pix-gallery-item pix-gallery-sm\" src=\"https:\/\/hvtest.com.mx\/wp-content\/uploads\/2024\/10\/g-doom.jpeg\" width=\"1050\" height=\"1400\" alt=\"Ensayo de tensi\u00f3n de aguante y descargas parciales a l\u00ednea de transmisi\u00f3n subterr\u00e1nea en subestaci\u00f3n \u201cMorales\u201d (CDMX, M\u00e9xico)\" \/><div class=\"card-img-overlay d-flex align-items-end pix-p-10\"><div class=\"card-content-box pix-p-20 rounded-xl w-100 shadow pix-fade-in bg-white d-flex justify-content-between align-items-center\"><div class=\"card-title font-weight-bold h6  text-heading-default m-0 w-100\" style=\"\">Withstand voltage test and partial discharge diagnosis to underground diagnosis transmission line (Mexico City)<\/div><div class=\"m-0 font-weight-bold h6  text-heading-default\"><svg xmlns=\"http:\/\/www.w3.org\/2000\/svg\" height=\"24\" viewbox=\"0 0 24 24\" width=\"24\"><path d=\"M7 14H5v5h5v-2H7v-3zm-2-4h2V7h3V5H5v5zm12 7h-3v2h5v-5h-2v3zM14 5v2h3v3h2V5h-5z\"\/><\/svg>\n<\/div><\/div><\/div><\/a><\/div><div class=\"grid-item grid-item--width2 pix-mb-20\"><a class=\"card pix-lightbox pix-lightbox-item pix-hover-item  shadow-sm shadow-hover-sm fly-sm rounded-xl\" data-fancybox=\"gallery\" data-caption=\"Ensayo de tensi\u00f3n de aguante y descargas parciales a 230kV y descargas parciales con onda amortiguada en 35kV en Parque Fotovoltaico \u201cLa Pimienta\u201d (Campeche, M\u00e9xico)\" href=\"https:\/\/hvtest.com.mx\/wp-content\/uploads\/2024\/10\/g-chess-1.png\"><img loading=\"lazy\" decoding=\"async\" class=\"card-img  rounded-xl pix-gallery-item pix-gallery-sm\" src=\"https:\/\/hvtest.com.mx\/wp-content\/uploads\/2024\/10\/g-chess-1.png\" width=\"1050\" height=\"1400\" alt=\"Ensayo de tensi\u00f3n de aguante y descargas parciales a 230kV y descargas parciales con onda amortiguada en 35kV en Parque Fotovoltaico \u201cLa Pimienta\u201d (Campeche, M\u00e9xico)\" \/><div class=\"card-img-overlay d-flex align-items-end pix-p-10\"><div class=\"card-content-box pix-p-20 rounded-xl w-100 shadow pix-fade-in bg-white d-flex justify-content-between align-items-center\"><div class=\"card-title font-weight-bold h6  text-heading-default m-0 w-100\" style=\"\">Withstand voltage test and partial discharge diagnosis at 230kV and Partial discharge with partial discharges with damped wave at 35kV in Photovoltaic Park \u201cLa Pimienta\u201d (Campeche, Mexico)<\/div><div class=\"m-0 font-weight-bold h6  text-heading-default\"><svg xmlns=\"http:\/\/www.w3.org\/2000\/svg\" height=\"24\" viewbox=\"0 0 24 24\" width=\"24\"><path d=\"M7 14H5v5h5v-2H7v-3zm-2-4h2V7h3V5H5v5zm12 7h-3v2h5v-5h-2v3zM14 5v2h3v3h2V5h-5z\"\/><\/svg>\n<\/div><\/div><\/div><\/a><\/div><\/div><\/div><\/div><div class=\"tab-pane fade-up show\" role=\"tabpanel\" data-toggle2=\"tab\" id=\"pix-tab-1732744229734-84ea69d6-0ac4\" data-bold=\"font-weight-bold\" data-italic=\"\" data-secondary=\"\" data-id=\"1732744229734-84ea69d6-0ac4\" data-icon=\"pixicon-list-th\" data-title=\"Calibraciones\" aria-labelledby=\"pix-tab-1732744229734-84ea69d6-0ac4\"><div class=\"pix-lightbox\"><div class=\"pix_masonry  pix-3-columns\" style=\"width:100%\"><div class=\"grid-sizer\"><\/div><div class=\"gutter-sizer\"><\/div><div class=\"grid-item pix-mb-20\"><a class=\"card pix-lightbox pix-lightbox-item pix-hover-item  shadow-sm shadow-hover-sm fly-sm rounded-xl\" data-fancybox=\"gallery\" data-caption=\"Calibraci\u00f3n, determinaci\u00f3n del factor de escala y ensayo de linealidad en sistema de medida de impulsos en sitio de equipos de laboratorio de media tensi\u00f3n de acuerdo a la norma ISO 17025\" href=\"https:\/\/hvtest.com.mx\/wp-content\/uploads\/2024\/10\/g-mermaid.jpeg\"><img loading=\"lazy\" decoding=\"async\" class=\"card-img  rounded-xl pix-gallery-item pix-gallery-lg\" src=\"https:\/\/hvtest.com.mx\/wp-content\/uploads\/2024\/10\/g-mermaid.jpeg\" width=\"788\" height=\"1400\" alt=\"Calibraci\u00f3n, determinaci\u00f3n del factor de escala y ensayo de linealidad en sistema de medida de impulsos en sitio de equipos de laboratorio de media tensi\u00f3n de acuerdo a la norma ISO 17025\" \/><div class=\"card-img-overlay d-flex align-items-end pix-p-10\"><div class=\"card-content-box pix-p-20 rounded-xl w-100 shadow pix-fade-in bg-white d-flex justify-content-between align-items-center\"><div class=\"card-title font-weight-bold h6  text-heading-default m-0 w-100\" style=\"\">On-site calibration, scale factor determinations and linearity test to a voltage impulse measurement system according to ISO 17025<\/div><div class=\"m-0 font-weight-bold h6  text-heading-default\"><svg xmlns=\"http:\/\/www.w3.org\/2000\/svg\" height=\"24\" viewbox=\"0 0 24 24\" width=\"24\"><path d=\"M7 14H5v5h5v-2H7v-3zm-2-4h2V7h3V5H5v5zm12 7h-3v2h5v-5h-2v3zM14 5v2h3v3h2V5h-5z\"\/><\/svg>\n<\/div><\/div><\/div><\/a><\/div><div class=\"grid-item grid-item--width2 pix-mb-20\"><a class=\"card pix-lightbox pix-lightbox-item pix-hover-item  shadow-sm shadow-hover-sm fly-sm rounded-xl\" data-fancybox=\"gallery\" data-caption=\" Calibraci\u00f3n, determinaci\u00f3n del factor de escala y ensayo de linealidad a magnitudes de tensi\u00f3n y corriente (TC y TP) en sitio de equipos TTS de acuerdo a la norma ISO 17025 (San Jos\u00e9, Costa Rica) \" href=\"https:\/\/hvtest.com.mx\/wp-content\/uploads\/2024\/10\/g-joker.jpeg\"><img loading=\"lazy\" decoding=\"async\" class=\"card-img  rounded-xl pix-gallery-item pix-gallery-lg\" src=\"https:\/\/hvtest.com.mx\/wp-content\/uploads\/2024\/10\/g-joker.jpeg\" width=\"1048\" height=\"1400\" alt=\" Calibraci\u00f3n, determinaci\u00f3n del factor de escala y ensayo de linealidad a magnitudes de tensi\u00f3n y corriente (TC y TP) en sitio de equipos TTS de acuerdo a la norma ISO 17025 (San Jos\u00e9, Costa Rica) \" \/><div class=\"card-img-overlay d-flex align-items-end pix-p-10\"><div class=\"card-content-box pix-p-20 rounded-xl w-100 shadow pix-fade-in bg-white d-flex justify-content-between align-items-center\"><div class=\"card-title font-weight-bold h6  text-heading-default m-0 w-100\" style=\"\"> On-site calibration, scale factor determination and linearity test to voltage and current magnitudes (TC and TP) according to ISO17025 (San Jos\u00e9, Costa Rica) <\/div><div class=\"m-0 font-weight-bold h6  text-heading-default\"><svg xmlns=\"http:\/\/www.w3.org\/2000\/svg\" height=\"24\" viewbox=\"0 0 24 24\" width=\"24\"><path d=\"M7 14H5v5h5v-2H7v-3zm-2-4h2V7h3V5H5v5zm12 7h-3v2h5v-5h-2v3zM14 5v2h3v3h2V5h-5z\"\/><\/svg>\n<\/div><\/div><\/div><\/a><\/div><\/div><\/div><\/div><div class=\"tab-pane fade-up show\" role=\"tabpanel\" data-toggle2=\"tab\" id=\"pix-tab-1732744226284-dac6ed0b-9ac6\" data-bold=\"font-weight-bold\" data-italic=\"\" data-secondary=\"\" data-id=\"1732744226284-dac6ed0b-9ac6\" data-icon=\"pixicon-cart-5\" data-title=\"Venta de equipo\" aria-labelledby=\"pix-tab-1732744226284-dac6ed0b-9ac6\"><div class=\"pix-lightbox\"><div class=\"pix_masonry  pix-3-columns\" style=\"width:100%\"><div class=\"grid-sizer\"><\/div><div class=\"gutter-sizer\"><\/div><div class=\"grid-item grid-item--width2 pix-mb-20\"><a class=\"card pix-lightbox pix-lightbox-item pix-hover-item  shadow-sm shadow-hover-sm fly-sm rounded-xl\" data-fancybox=\"gallery\" data-caption=\"SE GIS para 230 kV (Encapsulada en gas SF6)\" href=\"https:\/\/hvtest.com.mx\/wp-content\/uploads\/2024\/10\/g-beetle.jpg\"><img loading=\"lazy\" decoding=\"async\" class=\"card-img  rounded-xl pix-gallery-item pix-gallery-lg\" src=\"https:\/\/hvtest.com.mx\/wp-content\/uploads\/2024\/10\/g-beetle.jpg\" width=\"2100\" height=\"1400\" alt=\"SE GIS para 230 kV (Encapsulada en gas SF6)\" \/><div class=\"card-img-overlay d-flex align-items-end pix-p-10\"><div class=\"card-content-box pix-p-20 rounded-xl w-100 shadow pix-fade-in bg-white d-flex justify-content-between align-items-center\"><div class=\"card-title font-weight-bold h6  text-heading-default m-0 w-100\" style=\"\">Mounting maneuvers and SF6 gas management at GIS \u201cCondesa\u201d <\/div><div class=\"m-0 font-weight-bold h6  text-heading-default\"><svg xmlns=\"http:\/\/www.w3.org\/2000\/svg\" height=\"24\" viewbox=\"0 0 24 24\" width=\"24\"><path d=\"M7 14H5v5h5v-2H7v-3zm-2-4h2V7h3V5H5v5zm12 7h-3v2h5v-5h-2v3zM14 5v2h3v3h2V5h-5z\"\/><\/svg>\n<\/div><\/div><\/div><\/a><\/div><\/div><\/div><\/div><\/div><\/div><\/div><\/div><\/div><\/div><\/div><\/div><\/section><div class=\"vc_row-full-width vc_clearfix\"><\/div>\n<\/section>","protected":false},"excerpt":{"rendered":"Projects Laboratorio acreditado por ANAB y ema bajo ISO\/IEC 17025, con m\u00e1s de 20 a\u00f1os en calibraciones y ensayos el\u00e9ctricos. Ensayos Calibraciones Venta de equipoEnsayo de tensi\u00f3n de aguante y diagn\u00f3stico de descargas parciales en SE MANIOBRAS (Tren Inter Urbano...","protected":false},"author":1,"featured_media":0,"parent":0,"menu_order":0,"comment_status":"closed","ping_status":"closed","template":"","meta":{"footnotes":""},"class_list":["post-13922","page","type-page","status-publish","hentry"],"_links":{"self":[{"href":"https:\/\/hvtest.com.mx\/en\/wp-json\/wp\/v2\/pages\/13922","targetHints":{"allow":["GET"]}}],"collection":[{"href":"https:\/\/hvtest.com.mx\/en\/wp-json\/wp\/v2\/pages"}],"about":[{"href":"https:\/\/hvtest.com.mx\/en\/wp-json\/wp\/v2\/types\/page"}],"author":[{"embeddable":true,"href":"https:\/\/hvtest.com.mx\/en\/wp-json\/wp\/v2\/users\/1"}],"replies":[{"embeddable":true,"href":"https:\/\/hvtest.com.mx\/en\/wp-json\/wp\/v2\/comments?post=13922"}],"version-history":[{"count":21,"href":"https:\/\/hvtest.com.mx\/en\/wp-json\/wp\/v2\/pages\/13922\/revisions"}],"predecessor-version":[{"id":14134,"href":"https:\/\/hvtest.com.mx\/en\/wp-json\/wp\/v2\/pages\/13922\/revisions\/14134"}],"wp:attachment":[{"href":"https:\/\/hvtest.com.mx\/en\/wp-json\/wp\/v2\/media?parent=13922"}],"curies":[{"name":"wp","href":"https:\/\/api.w.org\/{rel}","templated":true}]}}