{"id":13945,"date":"2024-11-27T22:12:41","date_gmt":"2024-11-27T22:12:41","guid":{"rendered":"https:\/\/paginasmonterrey.com\/hvtest\/?page_id=13945"},"modified":"2026-02-28T18:16:59","modified_gmt":"2026-02-28T18:16:59","slug":"contacto","status":"publish","type":"page","link":"https:\/\/hvtest.com.mx\/en\/contacto\/","title":{"rendered":"Contact Us"},"content":{"rendered":"<section class=\"wpb-content-wrapper\"><section id=\"contacto\" data-vc-full-width=\"true\" data-vc-full-width-init=\"false\" class=\"vc_section vc_section_visible vc_custom_1732748300727 vc_section-has-fill\" data-section-name=\"\"><div class=\"vc_row wpb_row vc_row-fluid vc_row_visible vc_column-gap-10 vc_row-o-equal-height vc_row-o-content-middle vc_row-flex\"><div class=\"wpb_column vc_column_container vc_col-sm-6 text-left\"><div class=\"vc_column-inner\"><div class=\"wpb_wrapper\"><div  class=\"pix-heading-el text-left  vc_custom_1729892359433\"><div><div class=\"slide-in-container\"><h2 class=\"text-gradient-primary font-weight-bold animate-in heading-text el-title_custom_color mb-12\" style=\"\" data-anim-type=\"slide-in-up\" data-anim-delay=\"0\">Contact Us<\/h2><\/div><\/div><\/div><div id=\"el1729895302123-3a31e74a-b367\" class=\"pix-el-text   w-100\" ><p class=\"\"><p><span style=\"font-weight: 400;\">At <\/span><b>HV TEST,<\/b><span style=\"font-weight: 400;\"> we are always ready to meet our clients' needs and provide excellent service. Contact us, and our team of specialists will get in touch to offer you more information about the solutions you require.<\/span><\/p>\n<\/p><\/div><div id=\"duo-icon-62131170\" class=\"slide-in-container w-100   vc_custom_1772302582992\" ><div class=\"py-2 animate-in\" data-anim-type=\"fade-in-right\" data-anim-delay=\"0\"><div class=\"pix-feature-list text-18       py-2 d-flex align-items-center\" ><div class=\"pix-mr-10 text-primary\" style=\"width:1.5em;min-width:1.5em;height:1.5em;min-width:1.5em;position:relative;line-height:1em;text-align:center;\"><svg width=\"100%\" height=\"100%\" viewbox=\"0 0 24 24\" version=\"1.1\" xmlns=\"http:\/\/www.w3.org\/2000\/svg\" xmlns:xlink=\"http:\/\/www.w3.org\/1999\/xlink\"> <defs><\/defs> <g stroke=\"none\" stroke-width=\"1\" fill=\"none\" fill-rule=\"evenodd\"> <circle fill=\"#000000\" opacity=\"0.3\" cx=\"12\" cy=\"12\" r=\"10\"><\/circle> <path d=\"M16.7689447,7.81768175 C17.1457787,7.41393107 17.7785676,7.39211077 18.1823183,7.76894473 C18.5860689,8.1457787 18.6078892,8.77856757 18.2310553,9.18231825 L11.2310553,16.6823183 C10.8654446,17.0740439 10.2560456,17.107974 9.84920863,16.7592566 L6.34920863,13.7592566 C5.92988278,13.3998345 5.88132125,12.7685345 6.2407434,12.3492086 C6.60016555,11.9298828 7.23146553,11.8813212 7.65079137,12.2407434 L10.4229928,14.616916 L16.7689447,7.81768175 Z\" fill=\"#000000\" fill-rule=\"nonzero\"><\/path> <\/g> <\/svg><\/div><span class=\"text-heading-default\"><strong>Address:<\/strong> Calle El\u00e9ctricos No. 103 y 105, Parque Industrial Chichimeco, Jes\u00fas Mar\u00eda, Aguascalientes, Mex.<\/span><\/div><div class=\"pix-feature-list text-18       py-2 d-flex align-items-center\" ><div class=\"pix-mr-10 text-primary\" style=\"width:1.5em;min-width:1.5em;height:1.5em;min-width:1.5em;position:relative;line-height:1em;text-align:center;\"><svg width=\"100%\" height=\"100%\" viewbox=\"0 0 24 24\" version=\"1.1\" xmlns=\"http:\/\/www.w3.org\/2000\/svg\" xmlns:xlink=\"http:\/\/www.w3.org\/1999\/xlink\"> <defs><\/defs> <g stroke=\"none\" stroke-width=\"1\" fill=\"none\" fill-rule=\"evenodd\"> <circle fill=\"#000000\" opacity=\"0.3\" cx=\"12\" cy=\"12\" r=\"10\"><\/circle> <path d=\"M16.7689447,7.81768175 C17.1457787,7.41393107 17.7785676,7.39211077 18.1823183,7.76894473 C18.5860689,8.1457787 18.6078892,8.77856757 18.2310553,9.18231825 L11.2310553,16.6823183 C10.8654446,17.0740439 10.2560456,17.107974 9.84920863,16.7592566 L6.34920863,13.7592566 C5.92988278,13.3998345 5.88132125,12.7685345 6.2407434,12.3492086 C6.60016555,11.9298828 7.23146553,11.8813212 7.65079137,12.2407434 L10.4229928,14.616916 L16.7689447,7.81768175 Z\" fill=\"#000000\" fill-rule=\"nonzero\"><\/path> <\/g> <\/svg><\/div><span class=\"text-heading-default\"><strong>Email:<\/strong> ventas@hvtest.com.mx<\/span><\/div><div class=\"pix-feature-list text-18       py-2 d-flex align-items-center\" ><div class=\"pix-mr-10 text-primary\" style=\"width:1.5em;min-width:1.5em;height:1.5em;min-width:1.5em;position:relative;line-height:1em;text-align:center;\"><svg width=\"100%\" height=\"100%\" viewbox=\"0 0 24 24\" version=\"1.1\" xmlns=\"http:\/\/www.w3.org\/2000\/svg\" xmlns:xlink=\"http:\/\/www.w3.org\/1999\/xlink\"> <defs><\/defs> <g stroke=\"none\" stroke-width=\"1\" fill=\"none\" fill-rule=\"evenodd\"> <circle fill=\"#000000\" opacity=\"0.3\" cx=\"12\" cy=\"12\" r=\"10\"><\/circle> <path d=\"M16.7689447,7.81768175 C17.1457787,7.41393107 17.7785676,7.39211077 18.1823183,7.76894473 C18.5860689,8.1457787 18.6078892,8.77856757 18.2310553,9.18231825 L11.2310553,16.6823183 C10.8654446,17.0740439 10.2560456,17.107974 9.84920863,16.7592566 L6.34920863,13.7592566 C5.92988278,13.3998345 5.88132125,12.7685345 6.2407434,12.3492086 C6.60016555,11.9298828 7.23146553,11.8813212 7.65079137,12.2407434 L10.4229928,14.616916 L16.7689447,7.81768175 Z\" fill=\"#000000\" fill-rule=\"nonzero\"><\/path> <\/g> <\/svg><\/div><span class=\"text-heading-default\"><strong>Phone:<\/strong> (+52) 449 963 61 51<\/span><\/div><\/div><\/div><div id=\"duo-icon-89741248\" class=\"slide-in-container w-100\" ><div class=\"py-2\"  ><div class=\"pix-feature-list   font-weight-bold     py-2 d-flex align-items-center\" ><\/div><\/div><\/div><\/div><\/div><\/div><div class=\"wpb_column vc_column_container vc_col-sm-6 text-left\"><div class=\"vc_column-inner\"><div class=\"wpb_wrapper\"><div class=\"pix-content-box card      vc_custom_1739827190645    rounded-lg bg- w-100\"   ><div class=\"\" style=\"z-index:30;position:relative;\">\n<div class=\"wpcf7 no-js\" id=\"wpcf7-f13427-o1\" lang=\"es-ES\" dir=\"ltr\" data-wpcf7-id=\"13427\">\n<div class=\"screen-reader-response\"><p role=\"status\" aria-live=\"polite\" aria-atomic=\"true\"><\/p> <ul><\/ul><\/div>\n<form action=\"\/en\/wp-json\/wp\/v2\/pages\/13945#wpcf7-f13427-o1\" method=\"post\" class=\"wpcf7-form init\" aria-label=\"Formulario de contacto\" novalidate=\"novalidate\" data-status=\"init\" data-trp-original-action=\"\/en\/wp-json\/wp\/v2\/pages\/13945#wpcf7-f13427-o1\">\n<div style=\"display: none;\">\n<input type=\"hidden\" name=\"_wpcf7\" value=\"13427\" \/>\n<input type=\"hidden\" name=\"_wpcf7_version\" value=\"6.0.6\" \/>\n<input type=\"hidden\" name=\"_wpcf7_locale\" value=\"es_ES\" \/>\n<input type=\"hidden\" name=\"_wpcf7_unit_tag\" value=\"wpcf7-f13427-o1\" \/>\n<input type=\"hidden\" name=\"_wpcf7_container_post\" value=\"0\" \/>\n<input type=\"hidden\" name=\"_wpcf7_posted_data_hash\" value=\"\" \/>\n<input type=\"hidden\" name=\"_wpcf7_recaptcha_response\" value=\"\" \/>\n<\/div>\n<div class=\"pix-contact7-form\"><div class=\"row\">\n\t<div class=\"col-lg-12 mb-3\">\n\t\t<p>Name<br \/>\n<span class=\"wpcf7-form-control-wrap\" data-name=\"your-name\"><input size=\"40\" maxlength=\"400\" class=\"wpcf7-form-control wpcf7-text wpcf7-validates-as-required shadow-0 bg-gray-1 form-control\" aria-required=\"true\" aria-invalid=\"false\" placeholder=\"Juan P\u00e9rez\" value=\"\" type=\"text\" name=\"your-name\" \/><\/span>\n\t\t<\/p>\n\t<\/div>\n\t<div class=\"col-lg-6 mb-3\">\n\t\t<p>Email*<br \/>\n<span class=\"wpcf7-form-control-wrap\" data-name=\"your-email\"><input size=\"40\" maxlength=\"400\" class=\"wpcf7-form-control wpcf7-email wpcf7-validates-as-required wpcf7-text wpcf7-validates-as-email shadow-0 bg-gray-1 form-control\" aria-required=\"true\" aria-invalid=\"false\" placeholder=\"example@email.com\" value=\"\" type=\"email\" name=\"your-email\" \/><\/span>\n\t\t<\/p>\n\t<\/div>\n\t<div class=\"col-lg-6 mb-3\">\n\t\t<p>Phone<br \/>\n<span class=\"wpcf7-form-control-wrap\" data-name=\"your-phone\"><input size=\"40\" maxlength=\"400\" class=\"wpcf7-form-control wpcf7-tel wpcf7-text wpcf7-validates-as-tel shadow-0 bg-gray-1 form-control\" aria-invalid=\"false\" placeholder=\"555-1234\" value=\"\" type=\"tel\" name=\"your-phone\" \/><\/span>\n\t\t<\/p>\n\t<\/div>\n\t<div class=\"col-lg-12 mb-3\">\n\t\t<p>Message<br \/>\n<span class=\"wpcf7-form-control-wrap\" data-name=\"your-message\"><textarea cols=\"40\" rows=\"4\" maxlength=\"2000\" class=\"wpcf7-form-control wpcf7-textarea wpcf7-validates-as-required shadow-0 bg-gray-1 form-control\" aria-required=\"true\" aria-invalid=\"false\" placeholder=\"Write your message\" name=\"your-message\"><\/textarea><\/span>\n\t\t<\/p>\n\t<\/div>\n<\/div>\n<div class=\"row\">\n\t<div class=\"col-lg-12 text-center\">\n\t\t<p><input class=\"wpcf7-form-control wpcf7-submit has-spinner btn btn-primary text-white w-100 font-weight-bold shadow-lg shadow-hover secondary-font\" type=\"submit\" value=\"Send\" \/>\n\t\t<\/p>\n\t<\/div>\n<\/div><\/div><div class=\"wpcf7-response-output\" aria-hidden=\"true\"><\/div>\n<input type=\"hidden\" name=\"trp-form-language\" value=\"en\"\/><\/form>\n<\/div>\n<\/div><\/div><\/div><\/div><\/div><\/div><\/section><div class=\"vc_row-full-width vc_clearfix\"><\/div><section id=\"pix_section_contact\" data-vc-full-width=\"true\" data-vc-full-width-init=\"false\" class=\"vc_section vc_section_visible pix-intro-1 vc_custom_1732749714521 vc_section-has-fill vc_section-o-content-middle vc_section-flex\" data-section-name=\"\"><div class=\"pix_element_overlay  bg-gray-9\" style=\"pointer-events:none;;position:absolute;width:100%;height:100%;top:0;left:0;opacity:1;\"><\/div><div class=\"fullpage-container\"><div class=\"pix-intro-img jarallax\" data-jarallax data-speed=\"0.8\"><img decoding=\"async\" loading=\"lazy\" class=\"jarallax-img pix-opacity-1\"  src=\"https:\/\/hvtest.com.mx\/wp-content\/uploads\/2024\/10\/Central-electrica.jpg\" alt=\"\" \/><\/div><\/div><div class=\"vc_row wpb_row vc_row-fluid vc_row_visible vc_row-o-content-middle vc_row-flex\"><div class=\"wpb_column vc_column_container vc_col-sm-6 text-left\"><div class=\"vc_column-inner\"><div class=\"wpb_wrapper\"><div id=\"el1729895267866-f4372cc4-3cb7\" class=\"mb-3 text-left\"><h3 class=\"mb-32 pix-sliding-headline-2 animate-in font-weight-bold secondary-font\" data-anim-type=\"pix-sliding-text\" pix-anim-delay=\"500\" data-class=\"secondary-font text-white\" style=\"\"><span class=\"slide-in-container\"><span class=\"pix-sliding-item secondary-font text-white\" style=\"transition-delay: 0ms;\">Comment<\/span><\/span> <span class=\"slide-in-container\"><span class=\"pix-sliding-item secondary-font text-white\" style=\"transition-delay: 150ms;\">and<\/span><\/span> <span class=\"slide-in-container\"><span class=\"pix-sliding-item secondary-font text-white\" style=\"transition-delay: 300ms;\">Suggestion<\/span><\/span> <\/h3><\/div><div id=\"el1729810884617-a939bb2a-5590\" class=\"pix-el-text m-0  w-100 text-left  vc_custom_1732749659123\" ><div class=\"d-inline-block\" style=\"max-width:1250px;\"><p class=\"text-left\"><p><span style=\"font-weight: 400;\">Your opinions help us improve and provide better service, so we invite you to leave your comments in the form below.<\/span><\/p>\n<p><span style=\"font-weight: 400;\">If you need clarification or wish to file a complaint, please include this in the subject line so that the quality department can follow up accordingly. <\/span><\/p>\n<\/p><\/div><\/div><\/div><\/div><\/div><div class=\"wpb_column vc_column_container vc_col-sm-6 text-left\"><div class=\"vc_column-inner  vc_custom_1591761246251\"><div class=\"wpb_wrapper\">\n<div class=\"wpcf7 no-js\" id=\"wpcf7-f13697-o2\" lang=\"es-ES\" dir=\"ltr\" data-wpcf7-id=\"13697\">\n<div class=\"screen-reader-response\"><p role=\"status\" aria-live=\"polite\" aria-atomic=\"true\"><\/p> <ul><\/ul><\/div>\n<form action=\"\/en\/wp-json\/wp\/v2\/pages\/13945#wpcf7-f13697-o2\" method=\"post\" class=\"wpcf7-form init\" aria-label=\"Formulario de contacto\" novalidate=\"novalidate\" data-status=\"init\" data-trp-original-action=\"\/en\/wp-json\/wp\/v2\/pages\/13945#wpcf7-f13697-o2\">\n<div style=\"display: none;\">\n<input type=\"hidden\" name=\"_wpcf7\" value=\"13697\" \/>\n<input type=\"hidden\" name=\"_wpcf7_version\" value=\"6.0.6\" \/>\n<input type=\"hidden\" name=\"_wpcf7_locale\" value=\"es_ES\" \/>\n<input type=\"hidden\" name=\"_wpcf7_unit_tag\" value=\"wpcf7-f13697-o2\" \/>\n<input type=\"hidden\" name=\"_wpcf7_container_post\" value=\"0\" \/>\n<input type=\"hidden\" name=\"_wpcf7_posted_data_hash\" value=\"\" \/>\n<input type=\"hidden\" name=\"_wpcf7_recaptcha_response\" value=\"\" \/>\n<\/div>\n<div class=\"pix-contact7-form\"><div class=\"row\">\n\t<div class=\"col-lg-12 mb-3\">\n\t\t<p><span class=\"wpcf7-form-control-wrap\" data-name=\"your-name\"><input size=\"40\" maxlength=\"400\" class=\"wpcf7-form-control wpcf7-text wpcf7-validates-as-required shadow-0 bg-light-opacity-2 text-white form-control\" aria-required=\"true\" aria-invalid=\"false\" placeholder=\"Name\" value=\"\" type=\"text\" name=\"your-name\" \/><\/span>\n\t\t<\/p>\n\t<\/div>\n\t<div class=\"col-lg-12 mb-3\">\n\t\t<p><span class=\"wpcf7-form-control-wrap\" data-name=\"your-email\"><input size=\"40\" maxlength=\"400\" class=\"wpcf7-form-control wpcf7-email wpcf7-validates-as-required wpcf7-text wpcf7-validates-as-email shadow-0 bg-light-opacity-2 text-white form-control\" aria-required=\"true\" aria-invalid=\"false\" placeholder=\"example@email.com\" value=\"\" type=\"email\" name=\"your-email\" \/><\/span>\n\t\t<\/p>\n\t<\/div>\n\t<div class=\"col-lg-12 mb-3\">\n\t\t<p><span class=\"wpcf7-form-control-wrap\" data-name=\"your-message\"><textarea cols=\"40\" rows=\"3\" maxlength=\"2000\" class=\"wpcf7-form-control wpcf7-textarea wpcf7-validates-as-required shadow-0 bg-light-opacity-2 text-white form-control\" aria-required=\"true\" aria-invalid=\"false\" placeholder=\"Write your message\" name=\"your-message\"><\/textarea><\/span>\n\t\t<\/p>\n\t<\/div>\n<\/div>\n<div class=\"row\">\n\t<div class=\"col-lg-12 text-center\">\n\t\t<p><input class=\"wpcf7-form-control wpcf7-submit has-spinner btn btn-primary text-white w-100 font-weight-bold shadow-lg shadow-hover secondary-font\" type=\"submit\" value=\"Send\" \/>\n\t\t<\/p>\n\t<\/div>\n<\/div><\/div><div class=\"wpcf7-response-output\" aria-hidden=\"true\"><\/div>\n<input type=\"hidden\" name=\"trp-form-language\" value=\"en\"\/><\/form>\n<\/div>\n<\/div><\/div><\/div><\/div><\/section><div class=\"vc_row-full-width vc_clearfix\"><\/div>\n<\/section>","protected":false},"excerpt":{"rendered":"Cont\u00e1ctanosEn HV TEST estamos siempre preparados para atender las solicitudes de nuestros clientes y brindar un servicio de excelencia. Ponte en contacto con nosotros y nuestro equipo de especialistas se comunicar\u00e1 contigo para ofrecerte mayor informaci\u00f3n sobre las soluciones que...","protected":false},"author":1,"featured_media":0,"parent":0,"menu_order":0,"comment_status":"closed","ping_status":"closed","template":"","meta":{"footnotes":""},"class_list":["post-13945","page","type-page","status-publish","hentry"],"_links":{"self":[{"href":"https:\/\/hvtest.com.mx\/en\/wp-json\/wp\/v2\/pages\/13945","targetHints":{"allow":["GET"]}}],"collection":[{"href":"https:\/\/hvtest.com.mx\/en\/wp-json\/wp\/v2\/pages"}],"about":[{"href":"https:\/\/hvtest.com.mx\/en\/wp-json\/wp\/v2\/types\/page"}],"author":[{"embeddable":true,"href":"https:\/\/hvtest.com.mx\/en\/wp-json\/wp\/v2\/users\/1"}],"replies":[{"embeddable":true,"href":"https:\/\/hvtest.com.mx\/en\/wp-json\/wp\/v2\/comments?post=13945"}],"version-history":[{"count":23,"href":"https:\/\/hvtest.com.mx\/en\/wp-json\/wp\/v2\/pages\/13945\/revisions"}],"predecessor-version":[{"id":14158,"href":"https:\/\/hvtest.com.mx\/en\/wp-json\/wp\/v2\/pages\/13945\/revisions\/14158"}],"wp:attachment":[{"href":"https:\/\/hvtest.com.mx\/en\/wp-json\/wp\/v2\/media?parent=13945"}],"curies":[{"name":"wp","href":"https:\/\/api.w.org\/{rel}","templated":true}]}}